{"id":1354,"date":"2025-06-20T10:03:46","date_gmt":"2025-06-20T08:03:46","guid":{"rendered":"https:\/\/www.genoudsa.ch\/politique-de-confidentialite\/"},"modified":"2025-08-08T10:02:59","modified_gmt":"2025-08-08T08:02:59","slug":"privacy-policy","status":"publish","type":"page","link":"https:\/\/www.genoudsa.ch\/en\/privacy-policy\/","title":{"rendered":"Privacy policy"},"content":{"rendered":"\n<div style=\"height:100px\" aria-hidden=\"true\" class=\"wp-block-spacer\"><\/div>\n\n\n\n<p>Genoud SA s\u2019engage \u00e0 prot\u00e9ger votre vie priv\u00e9e. Contactez-nous si vous avez des questions ou des probl\u00e8mes concernant l\u2019utilisation de vos donn\u00e9es personnelles et nous serons heureux de vous aider.<br>En utilisant ce site et \/ ou nos services, vous acceptez le traitement de vos donn\u00e9es personnelles tel que d\u00e9crit dans cette politique de confidentialit\u00e9.<\/p>\n\n\n\n<h3 class=\"wp-block-heading\">Table des mati\u00e8res<\/h3>\n\n\n\n<ol class=\"wp-block-list\">\n<li><a href=\"https:\/\/www.ergopix.com\/politique-de-confidentialite\/#gdpr-definitions\">D\u00e9finitions employ\u00e9es dans cette politique<\/a><\/li>\n\n\n\n<li><a href=\"https:\/\/www.ergopix.com\/politique-de-confidentialite\/#gdpr-principles\">Principes de protection des donn\u00e9es que nous suivons<\/a><\/li>\n\n\n\n<li><a href=\"https:\/\/www.ergopix.com\/politique-de-confidentialite\/#gdpr-rights\">Quels droits avez-vous sur vos donn\u00e9es personnelles?<\/a><\/li>\n\n\n\n<li><a href=\"https:\/\/www.ergopix.com\/politique-de-confidentialite\/#gdpr-information\">Quelles donn\u00e9es personnelles recueillons-nous \u00e0 votre sujet?<\/a><\/li>\n\n\n\n<li><a href=\"https:\/\/www.ergopix.com\/politique-de-confidentialite\/#gdpr-processing\">Comment utilisons-nous vos donn\u00e9es personnelles?<\/a><\/li>\n\n\n\n<li><a href=\"https:\/\/www.ergopix.com\/politique-de-confidentialite\/#gdpr-sharing\">Qui d\u2019autre a acc\u00e8s \u00e0 vos donn\u00e9es personnelles?<\/a><\/li>\n\n\n\n<li><a href=\"https:\/\/www.ergopix.com\/politique-de-confidentialite\/#gdpr-security\">Comment s\u00e9curisons-nous vos donn\u00e9es?<\/a><\/li>\n\n\n\n<li><a href=\"https:\/\/www.ergopix.com\/politique-de-confidentialite\/#gdpr-cookies\">Informations \u00e0 propos les cookies<\/a><\/li>\n\n\n\n<li><a href=\"https:\/\/www.ergopix.com\/politique-de-confidentialite\/#gdpr-contact\">Informations de contact<\/a><\/li>\n<\/ol>\n\n\n\n<h3 class=\"wp-block-heading\">D\u00e9finitions<\/h3>\n\n\n\n<p><strong>Donn\u00e9es personnelles<\/strong>\u00a0\u2013 toute information relative \u00e0 une personne physique identifi\u00e9e ou identifiable.<br><strong>Traitement<\/strong>\u00a0\u2013 toute op\u00e9ration ou ensemble d\u2019op\u00e9rations, effectu\u00e9es sur des donn\u00e9es personnelles ou sur des ensembles de donn\u00e9es personnelles.<br><strong>Personne concern\u00e9e<\/strong>\u00a0\u2013 une personne physique dont les donn\u00e9es personnelles sont en cours de traitement.<br><strong>Enfant<\/strong>\u00a0\u2013 une personne physique de moins de 16 ans.<br><strong>Nous \/ nous<\/strong>\u00a0\u2013 Genoud SA<\/p>\n\n\n\n<h3 class=\"wp-block-heading\">Principes de protection des donn\u00e9es<\/h3>\n\n\n\n<p>Nous nous engageons \u00e0 respecter les principes de protection des donn\u00e9es suivants:<\/p>\n\n\n\n<ul class=\"wp-block-list\">\n<li>Le traitement est l\u00e9gal, juste, transparent. Nos activit\u00e9s de traitement se basent sur des motifs l\u00e9gitimes. Nous consid\u00e9rons toujours vos droits avant de traiter les donn\u00e9es personnelles. Nous vous fournirons sur demande, des informations concernant leur traitement.<\/li>\n\n\n\n<li>Le traitement est limit\u00e9 \u00e0 l\u2019objectif \/ au but. Nos activit\u00e9s de traitement correspondent \u00e0 l\u2019objectif \/ au but pour lequel les donn\u00e9es personnelles ont \u00e9t\u00e9 collect\u00e9es.<\/li>\n\n\n\n<li>Le traitement est effectu\u00e9 avec un minimum de donn\u00e9es. Nous collectons et traitons uniquement la quantit\u00e9 minimale de donn\u00e9es personnelles requises \u00e0 quelque fin que ce soit.<\/li>\n\n\n\n<li>Le traitement est limit\u00e9 dans le temps. Nous ne conserverons pas vos donn\u00e9es personnelles sur une dur\u00e9e plus longue que n\u00e9cessaire.<\/li>\n\n\n\n<li>Nous ferons de notre mieux pour assurer l\u2019exactitude des donn\u00e9es.<\/li>\n\n\n\n<li>Nous ferons de notre mieux pour assurer l\u2019int\u00e9grit\u00e9 et la confidentialit\u00e9 des donn\u00e9es.<\/li>\n<\/ul>\n\n\n\n<h3 class=\"wp-block-heading\">Vos droits sur vos informations personnelles<\/h3>\n\n\n\n<p>La personne concern\u00e9e a les droits suivants:<\/p>\n\n\n\n<ol class=\"wp-block-list\">\n<li>Droit \u00e0 l\u2019information \u2013 qui signifie que vous avez le \u00ab droit de savoir \u00bb si vos donn\u00e9es personnelles sont en cours de traitement; quelles sont les donn\u00e9es collect\u00e9es, quelle est leur provenance, pourquoi et par qui sont-elles trait\u00e9es.<\/li>\n\n\n\n<li>Droit d\u2019acc\u00e8s \u2013 qui signifie que vous avez le droit d\u2019acc\u00e9der aux donn\u00e9es que vous avez fourni, ou collect\u00e9es \u00e0 votre sujet. Cela inclut votre droit de demander et d\u2019obtenir une copie de vos donn\u00e9es personnelles recueillies.<\/li>\n\n\n\n<li>Droit de rectification \u2013 qui signifie que vous avez le droit de demander la rectification ou l\u2019effacement de vos donn\u00e9es personnelles qui sont inexactes ou incompl\u00e8tes.<\/li>\n\n\n\n<li>Droit d\u2019effacement \u2013 qui signifie que dans certaines circonstances, vous pouvez demander que vos donn\u00e9es personnelles soient effac\u00e9es de nos archives.<\/li>\n\n\n\n<li>Droit de restreindre le traitement \u2013 qui signifie que sous certaines conditions, vous avez le droit de restreindre le traitement de vos donn\u00e9es personnelles.<\/li>\n\n\n\n<li>Droit d\u2019opposition au traitement \u2013 qui signifie que dans certains cas, vous avez le droit de vous opposer au traitement de vos donn\u00e9es personnelles, par exemple dans le cas d\u2019un marketing direct.<\/li>\n\n\n\n<li>Droit de s\u2019opposer au traitement automatis\u00e9 \u2013 qui signifie que vous avez le droit de vous opposer au traitement automatis\u00e9, y compris le profilage; et ne pas \u00eatre soumis \u00e0 une d\u00e9cision bas\u00e9e uniquement sur le traitement automatis\u00e9. Vous pouvez exercer ce droit, chaque fois que l\u2019enjeu d\u2019un profilage a des effets juridiques vous concernant ou vous affectant de mani\u00e8re significative.<\/li>\n\n\n\n<li>Droit \u00e0 la portabilit\u00e9 des donn\u00e9es \u2013 vous avez le droit d\u2019obtenir vos donn\u00e9es personnelles sous un format lisible par une machine ou, si cela est r\u00e9alisable, par transfert direct.<\/li>\n\n\n\n<li>Droit de d\u00e9poser une plainte \u2013 dans le cas o\u00f9 nous refusons votre demande en vertu des droits d\u2019acc\u00e8s, nous vous fournirons la raison de notre refus. Veuillez nous contacter si vous n\u2019\u00eates pas satisfait de la mani\u00e8re dont votre demande a \u00e9t\u00e9 trait\u00e9e.<\/li>\n\n\n\n<li>Droit \u00e0 l\u2019aide d\u2019une autorit\u00e9 de surveillance \u2013 ce qui signifie que vous avez le droit \u00e0 l\u2019aide d\u2019une autorit\u00e9 de surveillance et le droit d\u2019autres recours juridiques tels que de r\u00e9clamer des dommages-int\u00e9r\u00eats.<\/li>\n\n\n\n<li>Droit de r\u00e9tractation \u2013 vous avez le droit de retirer tout consentement donn\u00e9 pour le traitement de vos donn\u00e9es personnelles.<\/li>\n<\/ol>\n\n\n\n<h3 class=\"wp-block-heading\">Donn\u00e9es que nous recueillons<\/h3>\n\n\n\n<p><strong>Informations que vous nous avez fournies<\/strong><br>Il peut s\u2019agir de votre adresse e-mail, de votre nom, de votre adresse de facturation, de votre adresse personnelle, etc., principalement des informations n\u00e9cessaires pour vous livrer un produit \/ service, ou afin d\u2019am\u00e9liorer votre exp\u00e9rience client avec nous. Nous enregistrons les informations que vous nous fournissez afin que vous puissiez commenter ou effectuer d\u2019autres activit\u00e9s sur le site Web. Ces informations incluent, par exemple, votre nom et votre adresse e-mail.<\/p>\n\n\n\n<p><strong>Informations \u00e0 votre sujet collect\u00e9es de mani\u00e8re automatique<\/strong><br>Ceci inclut les informations stock\u00e9es automatiquement par les cookies et autres outils de session. Par exemple, les informations de votre panier, votre adresse IP, votre historique d\u2019achat (le cas \u00e9ch\u00e9ant), etc. Ces informations sont utilis\u00e9es pour am\u00e9liorer votre exp\u00e9rience client. Lorsque vous utilisez nos services ou que vous consultez le contenu de notre site Web, vos activit\u00e9s peuvent \u00eatre enregistr\u00e9es.<\/p>\n\n\n\n<p><strong>Informations provenant de nos partenaires<\/strong><br>Nous recueillons des informations aupr\u00e8s de nos partenaires de confiance, avec la confirmation qu\u2019ils ont des raisons l\u00e9gitimes de partager ces informations avec nous. Ce sont soit des informations que vous leur avez fournies directement ou qu\u2019ils ont recueillies \u00e0 votre sujet pour d\u2019autres raisons l\u00e9gitimes. Voir la liste de nos partenaires:<\/p>\n\n\n\n<ul class=\"wp-block-list\">\n<li>Infomaniak Network SA, Carouge (GE)<\/li>\n<\/ul>\n\n\n\n<p><strong>Information publique<\/strong><br>Il se peut que nous recueillions des informations \u00e0 votre sujet qui sont publiquement disponibles.<\/p>\n\n\n\n<h3 class=\"wp-block-heading\">Comment nous utilisons vos donn\u00e9es personnelles<\/h3>\n\n\n\n<p>Nous utilisons vos donn\u00e9es personnelles dans les buts suivants:<\/p>\n\n\n\n<ul class=\"wp-block-list\">\n<li>de vous fournir notre service. Ceci inclut par exemple l\u2019enregistrement de votre compte; vous fournir d\u2019autres produits et services que vous avez demand\u00e9s; vous fournir \u00e0 votre demande, des articles promotionnels et communiquer avec vous en relation avec ces produits et services; communiquer et interagir avec vous; et vous informer des changements apport\u00e9s \u00e0 quelconque service.<\/li>\n\n\n\n<li>d\u2019am\u00e9liorer votre exp\u00e9rience client;<\/li>\n\n\n\n<li>de r\u00e9pondre \u00e0 une obligation l\u00e9gale ou contractuelle;<\/li>\n<\/ul>\n\n\n\n<p>Nous utilisons vos donn\u00e9es personnelles pour des raisons l\u00e9gitimes et \/ ou avec votre consentement.<\/p>\n\n\n\n<p>En raison de la conclusion d\u2019un contrat ou de l\u2019ex\u00e9cution d\u2019obligations contractuelles, nous traitons vos donn\u00e9es personnelles aux fins suivantes:<\/p>\n\n\n\n<ul class=\"wp-block-list\">\n<li>permettre de vous identifier;<\/li>\n\n\n\n<li>vous fournir un service ou vous envoyer \/ offrir un produit;<\/li>\n\n\n\n<li>communiquer soit dans le cadre de vente ou de facturation;<\/li>\n<\/ul>\n\n\n\n<p>Sur la base d\u2019un int\u00e9r\u00eat l\u00e9gitime, nous traitons vos donn\u00e9es personnelles aux fins suivantes:<\/p>\n\n\n\n<ul class=\"wp-block-list\">\n<li>vous envoyer des offres personnalis\u00e9es* (de notre part et \/ ou de nos partenaires soigneusement s\u00e9lectionn\u00e9s);<\/li>\n\n\n\n<li>administrer et analyser notre base client (comportement d\u2019achat et historique) afin d\u2019am\u00e9liorer la qualit\u00e9, la vari\u00e9t\u00e9 et la disponibilit\u00e9 des produits \/ services offerts \/ fournis;<\/li>\n\n\n\n<li>mener des questionnaires concernant la satisfaction des clients;<\/li>\n<\/ul>\n\n\n\n<p>Tant que vous ne nous en avez pas inform\u00e9 autrement, nous envisageons de vous proposer des produits \/ services similaires ou identiques \u00e0 votre historique d\u2019achat \/ comportement de navigation sur le site, dans notre int\u00e9r\u00eat l\u00e9gitime.<\/p>\n\n\n\n<p>Avec votre consentement, nous traitons vos donn\u00e9es personnelles dans le but suivant:<\/p>\n\n\n\n<ul class=\"wp-block-list\">\n<li>vous envoyer des bulletins d\u2019information et des campagne d\u2019offres (de notre part et \/ ou de nos partenaires soigneusement s\u00e9lectionn\u00e9s);<\/li>\n\n\n\n<li>\u00e0 d\u2019autres fins, dont nous vous avons demand\u00e9 le consentement;<\/li>\n<\/ul>\n\n\n\n<p>Nous traitons vos donn\u00e9es personnelles afin de r\u00e9pondre aux obligations provenant de la loi et \/ ou utiliser vos donn\u00e9es personnelles pour les choix pr\u00e9vus par la loi. Nous nous r\u00e9servons le droit d\u2019anonymiser les donn\u00e9es personnelles recueillies et d\u2019utiliser ces donn\u00e9es. Nous n\u2019utiliserons des donn\u00e9es en dehors du champ d\u2019application de cette politique uniquement si elles sont anonymis\u00e9es. Nous conservons vos informations de facturation et autres informations recueillies \u00e0 votre sujet aussi longtemps que n\u00e9cessaire \u00e0 des fins comptables ou d\u2019autres obligations d\u00e9coulant de la loi, mais pas plus longtemps que 3 ans.<\/p>\n\n\n\n<p>Nous pourrions traiter vos donn\u00e9es personnelles \u00e0 d\u2019autres fins qui ne sont pas mentionn\u00e9es ici, mais qui sont compatibles avec l\u2019objectif initial pour lequel les donn\u00e9es ont \u00e9t\u00e9 collect\u00e9es. Pour ce faire, nous veillerons \u00e0 ce que:<\/p>\n\n\n\n<ul class=\"wp-block-list\">\n<li>le lien entre les objectifs, le contexte et la nature des donn\u00e9es personnelles soit adapt\u00e9 \u00e0 un traitement ult\u00e9rieur;<\/li>\n\n\n\n<li>le traitement ult\u00e9rieur ne nuit pas \u00e0 vos int\u00e9r\u00eats et<\/li>\n\n\n\n<li>qu\u2019il y ait une sauvegarde appropri\u00e9e pour le traitement.<\/li>\n<\/ul>\n\n\n\n<p>Nous vous informerons de tout traitement ult\u00e9rieur et objectifs.<\/p>\n\n\n\n<h3 class=\"wp-block-heading\">Qui d\u2019autre peut acc\u00e9der \u00e0 vos donn\u00e9es personnelles?<\/h3>\n\n\n\n<p>Nous ne partageons pas vos donn\u00e9es personnelles avec des \u00e9trangers. Dans certains cas, des donn\u00e9es personnelles vous concernant sont fournies \u00e0 nos partenaires de confiance afin de vous permettre de vous fournir le service ou d\u2019am\u00e9liorer votre exp\u00e9rience client. Nous partageons vos donn\u00e9es avec:<\/p>\n\n\n\n<p><strong>Nos partenaires de traitement:<\/strong><\/p>\n\n\n\n<ul class=\"wp-block-list\">\n<li>Infomaniak Network SA, Carouge (GE)<\/li>\n<\/ul>\n\n\n\n<p>Nous travaillons uniquement avec des partenaires de traitement capables d\u2019assurer un niveau ad\u00e9quat de protection de vos donn\u00e9es personnelles. Nous divulguons vos donn\u00e9es personnelles \u00e0 des tiers ou \u00e0 des fonctionnaires, lorsque nous sommes l\u00e9galement tenus de le faire. Nous pourrions divulguer vos donn\u00e9es personnelles \u00e0 des tiers si vous y avez consenti ou s\u2019il existe d\u2019autres motifs l\u00e9gaux.<\/p>\n\n\n\n<h3 class=\"wp-block-heading\">Comment nous s\u00e9curisons vos donn\u00e9es<\/h3>\n\n\n\n<p>Nous faisons de notre mieux afin de prot\u00e9ger vos donn\u00e9es personnelles. Nous utilisons des protocoles s\u00e9curis\u00e9s pour la communication et le transfert de donn\u00e9es (tel que HTTPS). Nous utilisons l\u2019anonymisation et le pseudonymage lorsque cela est appropri\u00e9. Nous surveillons nos syst\u00e8mes pour d\u00e9tecter d\u2019\u00e9ventuelles vuln\u00e9rabilit\u00e9s et attaques.<\/p>\n\n\n\n<p>M\u00eame si nous faisons de notre mieux, nous ne pouvons garantir la s\u00e9curit\u00e9 de l\u2019information. Cependant, nous nous engageons \u00e0 informer les autorit\u00e9s comp\u00e9tentes des violations de donn\u00e9es. Nous vous aviserons \u00e9galement s\u2019il existe une menace pour vos droits ou int\u00e9r\u00eats. Nous ferons tout ce qui est raisonnablement possible afin de pr\u00e9venir les violations de la s\u00e9curit\u00e9 et aider les autorit\u00e9s en cas de violation.<\/p>\n\n\n\n<p>Si vous avez un compte chez nous, sachez que vous devez garder votre nom d\u2019utilisateur et votre mot de passe secrets.<\/p>\n\n\n\n<h3 class=\"wp-block-heading\">Enfants<\/h3>\n\n\n\n<p>Nous n\u2019avons pas l\u2019intention de recueillir ou sciemment recueillir des informations aupr\u00e8s des enfants. Nous ne ciblons pas les enfants avec nos services.<\/p>\n\n\n\n<h3 class=\"wp-block-heading\">Cookies et autres technologies que nous utilisons<\/h3>\n\n\n\n<p>Nous utilisons des cookies et \/ ou des technologies similaires pour analyser le comportement des clients, administrer le site Web, suivre les chemins de navigations au sein des pages des utilisateurs et collecter des informations sur les utilisateurs. Ceci est fait dans le but de personnaliser et d\u2019am\u00e9liorer votre exp\u00e9rience avec nous.<\/p>\n\n\n\n<p>Un cookie est un petit fichier texte stock\u00e9 sur votre ordinateur. Les cookies stockent les informations utilis\u00e9es afin d\u2019aider le fonctionnement des sites. Nous pouvons acc\u00e9der uniquement aux cookies cr\u00e9\u00e9s par notre site Web. Vous pouvez contr\u00f4ler vos cookies au niveau du navigateur. Choisir de d\u00e9sactiver les cookies peut vous emp\u00eacher d\u2019utiliser certaines fonctions.<\/p>\n\n\n\n<p><strong>Nous utilisons les cookies aux fins suivantes:<\/strong><\/p>\n\n\n\n<ul class=\"wp-block-list\">\n<li>Cookies n\u00e9cessaires: ces cookies sont n\u00e9cessaires pour que vous puissiez utiliser certaines fonctionnalit\u00e9s importantes sur notre site Web, telle que la connexion. Ces cookies ne collectent aucune information personnelle.<\/li>\n\n\n\n<li>Cookies de fonctionnalit\u00e9 \u2013 ces cookies fournissent des fonctionnalit\u00e9s qui rendent l\u2019utilisation de notre service plus pratique et permettent d\u2019offrir des fonctionnalit\u00e9s plus personnalis\u00e9es. Par exemple, ils peuvent se souvenir de votre nom et de votre adresse e-mail dans des formulaires de commentaire, pour que vous n\u2019avez pas besoin de ressaisir cette information la prochaine fois que vous commentez.<\/li>\n\n\n\n<li>Cookies analytiques: ces cookies sont utilis\u00e9s pour suivre l\u2019utilisation et les performances de notre site Web et de nos services<\/li>\n\n\n\n<li>Cookies publicitaires: ces cookies sont utilis\u00e9s pour diffuser des publicit\u00e9s qui vous sont pertinentes pour vous et vos int\u00e9r\u00eats. En outre, ils sont utilis\u00e9s pour limiter le nombre de fois que vous voyez une publicit\u00e9. Ils sont g\u00e9n\u00e9ralement plac\u00e9s sur le site Web par des r\u00e9seaux publicitaires avec la permission de l\u2019op\u00e9rateur du site. Ces cookies se souviennent que vous avez visit\u00e9 un site Web et que ces informations sont partag\u00e9es avec d\u2019autres organisations telles que les annonceurs. La plupart du temps, les cookies de ciblage ou de publicit\u00e9 seront li\u00e9s aux fonctionnalit\u00e9s du site fournies par l\u2019autre organisation.<\/li>\n<\/ul>\n\n\n\n<p>Vous pouvez supprimer les cookies stock\u00e9s dans votre ordinateur via les param\u00e8tres de votre navigateur. Les liens suivants vous montrent comment r\u00e9gler les cookies en fonction des navigateurs:<\/p>\n\n\n\n<ul class=\"wp-block-list\">\n<li><a href=\"http:\/\/windows.microsoft.com\/fr-FR\/windows-vista\/Block-or-allow-cookies\" target=\"_blank\" rel=\"noreferrer noopener\">Si vous utilisez Internet Explorer<\/a><\/li>\n\n\n\n<li><a href=\"http:\/\/support.mozilla.org\/fr\/kb\/activer-desactiver-cookies\" target=\"_blank\" rel=\"noreferrer noopener\">Si vous utilisez Firefox<\/a><\/li>\n\n\n\n<li><a href=\"https:\/\/support.google.com\/chrome\/answer\/95647?hl=fr\" target=\"_blank\" rel=\"noreferrer noopener\">Si vous utilisez Google Chrome<\/a><\/li>\n\n\n\n<li><a href=\"https:\/\/support.apple.com\/kb\/PH19214?locale=fr_CH&amp;viewlocale=fr_FR\" target=\"_blank\" rel=\"noreferrer noopener\">Si vous utilisez Safari<\/a><\/li>\n<\/ul>\n\n\n\n<p>Nous utilisons Google Analytics pour mesurer le trafic sur notre site Web. Google a sa propre politique de confidentialit\u00e9 que vous pouvez consulter&nbsp;<a href=\"https:\/\/support.google.com\/analytics\/answer\/6004245?hl=fr\" target=\"_blank\" rel=\"noreferrer noopener\">ici<\/a>. Si vous souhaitez d\u00e9sactiver le suivi par Google Analytics, veuillez installer cette extension dans votre navigateur:<\/p>\n\n\n\n<p><a href=\"https:\/\/tools.google.com\/dlpage\/gaoptout\">https:\/\/tools.google.com\/dlpage\/gaoptout<\/a><\/p>\n\n\n\n<h3 class=\"wp-block-heading\">Autorit\u00e9 charg\u00e9e de la protection des donn\u00e9es<\/h3>\n\n\n\n<p><strong>Autorit\u00e9 de surveillance<\/strong><\/p>\n\n\n\n<p>E-mail:&nbsp;<a href=\"mailto:contact20@edoeb.admin.ch\">contact20@edoeb.admin.ch<\/a><br>T\u00e9l.: +41 31 322 4395<\/p>\n\n\n\n<h3 class=\"wp-block-heading\">Modifications de cette politique de confidentialit\u00e9<\/h3>\n\n\n\n<p>Nous nous r\u00e9servons le droit d\u2019apporter des modifications \u00e0 cette politique de confidentialit\u00e9.<\/p>\n\n\n\n<p>En cas de traduction de la pr\u00e9sente politique de confidentialit\u00e9 dans d\u2019autres langues, seule la version fran\u00e7aise fait foi.<\/p>\n\n\n\n<p>Derni\u00e8re modification faite le 24.05.2018.<\/p>\n\n\n\n<p><\/p>\n","protected":false},"excerpt":{"rendered":"<p>Genoud SA s\u2019engage \u00e0 prot\u00e9ger votre vie priv\u00e9e. Contactez-nous si&#8230;<\/p>\n","protected":false},"author":1,"featured_media":0,"parent":0,"menu_order":0,"comment_status":"closed","ping_status":"closed","template":"tpl-empty.php","meta":{"_acf_changed":false,"footnotes":""},"class_list":["post-1354","page","type-page","status-publish","hentry"],"acf":[],"yoast_head":"<!-- This site is optimized with the Yoast SEO plugin v26.0 - https:\/\/yoast.com\/wordpress\/plugins\/seo\/ -->\n<title>Privacy policy - genoud<\/title>\n<meta name=\"robots\" content=\"index, follow, max-snippet:-1, max-image-preview:large, max-video-preview:-1\" \/>\n<link rel=\"canonical\" href=\"https:\/\/www.genoudsa.ch\/politique-de-confidentialite\/\" \/>\n<meta property=\"og:locale\" content=\"en_US\" \/>\n<meta property=\"og:type\" content=\"article\" \/>\n<meta property=\"og:title\" content=\"Privacy policy - genoud\" \/>\n<meta property=\"og:description\" content=\"Genoud SA s\u2019engage \u00e0 prot\u00e9ger votre vie priv\u00e9e. Contactez-nous si...\" \/>\n<meta property=\"og:url\" content=\"https:\/\/www.genoudsa.ch\/politique-de-confidentialite\/\" \/>\n<meta property=\"og:site_name\" content=\"genoud\" \/>\n<meta property=\"article:modified_time\" content=\"2025-08-08T08:02:59+00:00\" \/>\n<meta name=\"twitter:card\" content=\"summary_large_image\" \/>\n<meta name=\"twitter:label1\" content=\"Est. reading time\" \/>\n\t<meta name=\"twitter:data1\" content=\"12 minutes\" \/>\n<script type=\"application\/ld+json\" class=\"yoast-schema-graph\">{\"@context\":\"https:\/\/schema.org\",\"@graph\":[{\"@type\":\"WebPage\",\"@id\":\"https:\/\/www.genoudsa.ch\/politique-de-confidentialite\/\",\"url\":\"https:\/\/www.genoudsa.ch\/politique-de-confidentialite\/\",\"name\":\"Privacy policy - genoud\",\"isPartOf\":{\"@id\":\"https:\/\/www.genoudsa.ch\/#website\"},\"datePublished\":\"2025-06-20T08:03:46+00:00\",\"dateModified\":\"2025-08-08T08:02:59+00:00\",\"breadcrumb\":{\"@id\":\"https:\/\/www.genoudsa.ch\/politique-de-confidentialite\/#breadcrumb\"},\"inLanguage\":\"en-US\",\"potentialAction\":[{\"@type\":\"ReadAction\",\"target\":[\"https:\/\/www.genoudsa.ch\/politique-de-confidentialite\/\"]}]},{\"@type\":\"BreadcrumbList\",\"@id\":\"https:\/\/www.genoudsa.ch\/politique-de-confidentialite\/#breadcrumb\",\"itemListElement\":[{\"@type\":\"ListItem\",\"position\":1,\"name\":\"Home\",\"item\":\"https:\/\/www.genoudsa.ch\/en\/\"},{\"@type\":\"ListItem\",\"position\":2,\"name\":\"Privacy policy\"}]},{\"@type\":\"WebSite\",\"@id\":\"https:\/\/www.genoudsa.ch\/#website\",\"url\":\"https:\/\/www.genoudsa.ch\/\",\"name\":\"genoud\",\"description\":\"\",\"potentialAction\":[{\"@type\":\"SearchAction\",\"target\":{\"@type\":\"EntryPoint\",\"urlTemplate\":\"https:\/\/www.genoudsa.ch\/?s={search_term_string}\"},\"query-input\":{\"@type\":\"PropertyValueSpecification\",\"valueRequired\":true,\"valueName\":\"search_term_string\"}}],\"inLanguage\":\"en-US\"}]}<\/script>\n<!-- \/ Yoast SEO plugin. -->","yoast_head_json":{"title":"Privacy policy - genoud","robots":{"index":"index","follow":"follow","max-snippet":"max-snippet:-1","max-image-preview":"max-image-preview:large","max-video-preview":"max-video-preview:-1"},"canonical":"https:\/\/www.genoudsa.ch\/politique-de-confidentialite\/","og_locale":"en_US","og_type":"article","og_title":"Privacy policy - genoud","og_description":"Genoud SA s\u2019engage \u00e0 prot\u00e9ger votre vie priv\u00e9e. Contactez-nous si...","og_url":"https:\/\/www.genoudsa.ch\/politique-de-confidentialite\/","og_site_name":"genoud","article_modified_time":"2025-08-08T08:02:59+00:00","twitter_card":"summary_large_image","twitter_misc":{"Est. reading time":"12 minutes"},"schema":{"@context":"https:\/\/schema.org","@graph":[{"@type":"WebPage","@id":"https:\/\/www.genoudsa.ch\/politique-de-confidentialite\/","url":"https:\/\/www.genoudsa.ch\/politique-de-confidentialite\/","name":"Privacy policy - genoud","isPartOf":{"@id":"https:\/\/www.genoudsa.ch\/#website"},"datePublished":"2025-06-20T08:03:46+00:00","dateModified":"2025-08-08T08:02:59+00:00","breadcrumb":{"@id":"https:\/\/www.genoudsa.ch\/politique-de-confidentialite\/#breadcrumb"},"inLanguage":"en-US","potentialAction":[{"@type":"ReadAction","target":["https:\/\/www.genoudsa.ch\/politique-de-confidentialite\/"]}]},{"@type":"BreadcrumbList","@id":"https:\/\/www.genoudsa.ch\/politique-de-confidentialite\/#breadcrumb","itemListElement":[{"@type":"ListItem","position":1,"name":"Home","item":"https:\/\/www.genoudsa.ch\/en\/"},{"@type":"ListItem","position":2,"name":"Privacy policy"}]},{"@type":"WebSite","@id":"https:\/\/www.genoudsa.ch\/#website","url":"https:\/\/www.genoudsa.ch\/","name":"genoud","description":"","potentialAction":[{"@type":"SearchAction","target":{"@type":"EntryPoint","urlTemplate":"https:\/\/www.genoudsa.ch\/?s={search_term_string}"},"query-input":{"@type":"PropertyValueSpecification","valueRequired":true,"valueName":"search_term_string"}}],"inLanguage":"en-US"}]}},"_links":{"self":[{"href":"https:\/\/www.genoudsa.ch\/en\/wp-json\/wp\/v2\/pages\/1354","targetHints":{"allow":["GET"]}}],"collection":[{"href":"https:\/\/www.genoudsa.ch\/en\/wp-json\/wp\/v2\/pages"}],"about":[{"href":"https:\/\/www.genoudsa.ch\/en\/wp-json\/wp\/v2\/types\/page"}],"author":[{"embeddable":true,"href":"https:\/\/www.genoudsa.ch\/en\/wp-json\/wp\/v2\/users\/1"}],"replies":[{"embeddable":true,"href":"https:\/\/www.genoudsa.ch\/en\/wp-json\/wp\/v2\/comments?post=1354"}],"version-history":[{"count":1,"href":"https:\/\/www.genoudsa.ch\/en\/wp-json\/wp\/v2\/pages\/1354\/revisions"}],"predecessor-version":[{"id":1367,"href":"https:\/\/www.genoudsa.ch\/en\/wp-json\/wp\/v2\/pages\/1354\/revisions\/1367"}],"wp:attachment":[{"href":"https:\/\/www.genoudsa.ch\/en\/wp-json\/wp\/v2\/media?parent=1354"}],"curies":[{"name":"wp","href":"https:\/\/api.w.org\/{rel}","templated":true}]}}